{"id":3883,"date":"2021-11-14T15:38:56","date_gmt":"2021-11-14T15:38:56","guid":{"rendered":"https:\/\/belmon.ca\/politique-de-confidentialite\/"},"modified":"2023-09-21T20:43:11","modified_gmt":"2023-09-21T20:43:11","slug":"privacy-policy","status":"publish","type":"page","link":"https:\/\/belmon.ca\/en\/privacy-policy\/","title":{"rendered":"Privacy policy"},"content":{"rendered":"\t\t<div data-elementor-type=\"wp-page\" data-elementor-id=\"3883\" class=\"elementor elementor-3883 elementor-1622\">\n\t\t\t\t\t\t<section class=\"elementor-section elementor-top-section elementor-element elementor-element-e7022da elementor-section-stretched hero-rt-img elementor-section-full_width elementor-section-height-default elementor-section-height-default\" data-id=\"e7022da\" data-element_type=\"section\" data-settings=\"{&quot;stretch_section&quot;:&quot;section-stretched&quot;}\">\n\t\t\t\t\t\t<div class=\"elementor-container elementor-column-gap-default\">\n\t\t\t\t\t<div class=\"elementor-column elementor-col-50 elementor-top-column elementor-element elementor-element-8aa4689\" data-id=\"8aa4689\" data-element_type=\"column\">\n\t\t\t<div class=\"elementor-widget-wrap\">\n\t\t\t\t\t\t\t<\/div>\n\t\t<\/div>\n\t\t\t\t<div class=\"elementor-column elementor-col-50 elementor-top-column elementor-element elementor-element-f41eb33 banner-image-wrap\" data-id=\"f41eb33\" data-element_type=\"column\" data-settings=\"{&quot;background_background&quot;:&quot;classic&quot;}\">\n\t\t\t<div class=\"elementor-widget-wrap elementor-element-populated\">\n\t\t\t\t\t\t<div class=\"elementor-element elementor-element-5af5e64 text-break elementor-hidden-desktop elementor-hidden-tablet elementor-widget elementor-widget-heading\" data-id=\"5af5e64\" data-element_type=\"widget\" data-widget_type=\"heading.default\">\n\t\t\t\t<div class=\"elementor-widget-container\">\n\t\t\t\t\t<h1 class=\"elementor-heading-title elementor-size-default\">Politique de<br> confidentialit\u00e9<\/h1>\t\t\t\t<\/div>\n\t\t\t\t<\/div>\n\t\t\t\t<div class=\"elementor-element elementor-element-5b7095e text-break elementor-hidden-mobile elementor-widget elementor-widget-heading\" data-id=\"5b7095e\" data-element_type=\"widget\" data-widget_type=\"heading.default\">\n\t\t\t\t<div class=\"elementor-widget-container\">\n\t\t\t\t\t<h1 class=\"elementor-heading-title elementor-size-default\">Privacy Policy<\/h1>\t\t\t\t<\/div>\n\t\t\t\t<\/div>\n\t\t\t\t\t<\/div>\n\t\t<\/div>\n\t\t\t\t\t<\/div>\n\t\t<\/section>\n\t\t\t\t<section class=\"elementor-section elementor-top-section elementor-element elementor-element-67b8828 elementor-section-content-middle elementor-section-boxed elementor-section-height-default elementor-section-height-default\" data-id=\"67b8828\" data-element_type=\"section\" data-settings=\"{&quot;background_background&quot;:&quot;classic&quot;}\">\n\t\t\t\t\t\t<div class=\"elementor-container elementor-column-gap-default\">\n\t\t\t\t\t<div class=\"elementor-column elementor-col-33 elementor-top-column elementor-element elementor-element-8113f6f\" data-id=\"8113f6f\" data-element_type=\"column\">\n\t\t\t<div class=\"elementor-widget-wrap\">\n\t\t\t\t\t\t\t<\/div>\n\t\t<\/div>\n\t\t\t\t<div class=\"elementor-column elementor-col-33 elementor-top-column elementor-element elementor-element-07f529c\" data-id=\"07f529c\" data-element_type=\"column\">\n\t\t\t<div class=\"elementor-widget-wrap elementor-element-populated\">\n\t\t\t\t\t\t<section class=\"elementor-section elementor-inner-section elementor-element elementor-element-bc978c7 building-quebec elementor-section-boxed elementor-section-height-default elementor-section-height-default\" data-id=\"bc978c7\" data-element_type=\"section\">\n\t\t\t\t\t\t<div class=\"elementor-container elementor-column-gap-default\">\n\t\t\t\t\t<div class=\"elementor-column elementor-col-50 elementor-inner-column elementor-element elementor-element-1415bd5\" data-id=\"1415bd5\" data-element_type=\"column\">\n\t\t\t<div class=\"elementor-widget-wrap elementor-element-populated\">\n\t\t\t\t\t\t<div class=\"elementor-element elementor-element-ac281c0 elementor-widget__width-auto elementor-widget elementor-widget-text-editor\" data-id=\"ac281c0\" data-element_type=\"widget\" data-widget_type=\"text-editor.default\">\n\t\t\t\t<div class=\"elementor-widget-container\">\n\t\t\t\t\t\t\t\t\t<span class=\"ver-line\"><\/span>\t\t\t\t\t\t\t\t<\/div>\n\t\t\t\t<\/div>\n\t\t\t\t\t<\/div>\n\t\t<\/div>\n\t\t\t\t<div class=\"elementor-column elementor-col-50 elementor-inner-column elementor-element elementor-element-88955a6\" data-id=\"88955a6\" data-element_type=\"column\">\n\t\t\t<div class=\"elementor-widget-wrap elementor-element-populated\">\n\t\t\t\t\t\t<div class=\"elementor-element elementor-element-2b89241 elementor-widget__width-auto elementor-widget elementor-widget-heading\" data-id=\"2b89241\" data-element_type=\"widget\" data-widget_type=\"heading.default\">\n\t\t\t\t<div class=\"elementor-widget-container\">\n\t\t\t\t\t<h4 class=\"elementor-heading-title elementor-size-default\">Confidentiality<\/h4>\t\t\t\t<\/div>\n\t\t\t\t<\/div>\n\t\t\t\t<div class=\"elementor-element elementor-element-e261228 elementor-widget elementor-widget-text-editor\" data-id=\"e261228\" data-element_type=\"widget\" data-widget_type=\"text-editor.default\">\n\t\t\t\t<div class=\"elementor-widget-container\">\n\t\t\t\t\t\t\t\t\tBelmon Construction takes privacy issues very seriously and takes the necessary steps to ensure the confidentiality of information that concerns you personally. By \u201cpersonal information\u201d we mean any information about you that you voluntarily provide to us and that is used to identify you.\n\n\t\t\t\t\t\t\t\t<\/div>\n\t\t\t\t<\/div>\n\t\t\t\t\t<\/div>\n\t\t<\/div>\n\t\t\t\t\t<\/div>\n\t\t<\/section>\n\t\t\t\t\t<\/div>\n\t\t<\/div>\n\t\t\t\t<div class=\"elementor-column elementor-col-33 elementor-top-column elementor-element elementor-element-77436f7\" data-id=\"77436f7\" data-element_type=\"column\">\n\t\t\t<div class=\"elementor-widget-wrap\">\n\t\t\t\t\t\t\t<\/div>\n\t\t<\/div>\n\t\t\t\t\t<\/div>\n\t\t<\/section>\n\t\t\t\t<section class=\"elementor-section elementor-top-section elementor-element elementor-element-2df3b61 elementor-section-boxed elementor-section-height-default elementor-section-height-default\" data-id=\"2df3b61\" data-element_type=\"section\">\n\t\t\t\t\t\t<div class=\"elementor-container elementor-column-gap-default\">\n\t\t\t\t\t<div class=\"elementor-column elementor-col-33 elementor-top-column elementor-element elementor-element-6505d8b\" data-id=\"6505d8b\" data-element_type=\"column\">\n\t\t\t<div class=\"elementor-widget-wrap\">\n\t\t\t\t\t\t\t<\/div>\n\t\t<\/div>\n\t\t\t\t<div class=\"elementor-column elementor-col-33 elementor-top-column elementor-element elementor-element-da14072\" data-id=\"da14072\" data-element_type=\"column\">\n\t\t\t<div class=\"elementor-widget-wrap elementor-element-populated\">\n\t\t\t\t\t\t<div class=\"elementor-element elementor-element-9f2bcda elementor-widget elementor-widget-heading\" data-id=\"9f2bcda\" data-element_type=\"widget\" data-widget_type=\"heading.default\">\n\t\t\t\t<div class=\"elementor-widget-container\">\n\t\t\t\t\t<h5 class=\"elementor-heading-title elementor-size-default\">Protection of your information<\/h5>\t\t\t\t<\/div>\n\t\t\t\t<\/div>\n\t\t\t\t<div class=\"elementor-element elementor-element-4d49a87 elementor-widget elementor-widget-text-editor\" data-id=\"4d49a87\" data-element_type=\"widget\" data-widget_type=\"text-editor.default\">\n\t\t\t\t<div class=\"elementor-widget-container\">\n\t\t\t\t\t\t\t\t\t<p>Personal information collected by belmon.ca is strictly confidential. The only employees with access to this personal information are those authorized to handle questions or requests regarding the information provided. Unless required to provide a service for which you are registered or to give effect to a court order, personal information will never be made public or sold or communicated to third parties without your consent. Belmon Construction applies different rules to protect your personal information. We do not disclose information about our members without their consent.<\/p>\t\t\t\t\t\t\t\t<\/div>\n\t\t\t\t<\/div>\n\t\t\t\t<div class=\"elementor-element elementor-element-ae8e799 elementor-widget elementor-widget-text-editor\" data-id=\"ae8e799\" data-element_type=\"widget\" data-widget_type=\"text-editor.default\">\n\t\t\t\t<div class=\"elementor-widget-container\">\n\t\t\t\t\t\t\t\t\t<p>Why do we collect personal information on this site?<br \/>The personal information we collect about you on www.belmon.ca is used to process the online requests you send to us.<\/p>\t\t\t\t\t\t\t\t<\/div>\n\t\t\t\t<\/div>\n\t\t\t\t<div class=\"elementor-element elementor-element-998758a elementor-widget elementor-widget-text-editor\" data-id=\"998758a\" data-element_type=\"widget\" data-widget_type=\"text-editor.default\">\n\t\t\t\t<div class=\"elementor-widget-container\">\n\t\t\t\t\t\t\t\t\t<a href=\"https:\/\/belmon.ca\/wp-content\/uploads\/2023\/09\/Politique-de-confidentialite.pdf\" target=\"_blank\" rel=\"noopener\"><strong>Click here to view the full version of our privacy policy. (PDF)<\/strong><\/a>\t\t\t\t\t\t\t\t<\/div>\n\t\t\t\t<\/div>\n\t\t\t\t\t<\/div>\n\t\t<\/div>\n\t\t\t\t<div class=\"elementor-column elementor-col-33 elementor-top-column elementor-element elementor-element-9665de5\" data-id=\"9665de5\" data-element_type=\"column\">\n\t\t\t<div class=\"elementor-widget-wrap\">\n\t\t\t\t\t\t\t<\/div>\n\t\t<\/div>\n\t\t\t\t\t<\/div>\n\t\t<\/section>\n\t\t\t\t<section class=\"elementor-section elementor-top-section elementor-element elementor-element-7ad82d8 elementor-section-boxed elementor-section-height-default elementor-section-height-default\" data-id=\"7ad82d8\" data-element_type=\"section\" data-settings=\"{&quot;background_background&quot;:&quot;classic&quot;}\">\n\t\t\t\t\t\t<div class=\"elementor-container elementor-column-gap-default\">\n\t\t\t\t\t<div class=\"elementor-column elementor-col-33 elementor-top-column elementor-element elementor-element-20466e9\" data-id=\"20466e9\" data-element_type=\"column\">\n\t\t\t<div class=\"elementor-widget-wrap\">\n\t\t\t\t\t\t\t<\/div>\n\t\t<\/div>\n\t\t\t\t<div class=\"elementor-column elementor-col-33 elementor-top-column elementor-element elementor-element-57cac81\" data-id=\"57cac81\" data-element_type=\"column\">\n\t\t\t<div class=\"elementor-widget-wrap elementor-element-populated\">\n\t\t\t\t\t\t<div class=\"elementor-element elementor-element-3958869 elementor-widget elementor-widget-heading\" data-id=\"3958869\" data-element_type=\"widget\" data-widget_type=\"heading.default\">\n\t\t\t\t<div class=\"elementor-widget-container\">\n\t\t\t\t\t<h5 class=\"elementor-heading-title elementor-size-default\">Information collected automatically<\/h5>\t\t\t\t<\/div>\n\t\t\t\t<\/div>\n\t\t\t\t<div class=\"elementor-element elementor-element-2e14248 elementor-widget elementor-widget-text-editor\" data-id=\"2e14248\" data-element_type=\"widget\" data-widget_type=\"text-editor.default\">\n\t\t\t\t<div class=\"elementor-widget-container\">\n\t\t\t\t\t\t\t\t\t<p>\u201cCookies\u201d are small text files that are embedded on your hard drive from certain web pages. Cookies are harmless in that they cannot extract information from your hard drive, over which you have full control. Belmon Construction uses cookies to, among other things, establish traffic on this site, transmit information useful to our marketing, and personalize your future use of this site.<\/p><p>This technology does not systematically make personal information about you available to Belmon Construction. Third-party vendors, including Google, serve our ads on websites.<\/p><p>Third-party vendors, including Google, use cookies to serve ads based on people&#8217;s past visits to this site. you can deactivate the use of cookies by Google via the [Advertising and privacy] page.<\/p>\t\t\t\t\t\t\t\t<\/div>\n\t\t\t\t<\/div>\n\t\t\t\t\t<\/div>\n\t\t<\/div>\n\t\t\t\t<div class=\"elementor-column elementor-col-33 elementor-top-column elementor-element elementor-element-3562fde\" data-id=\"3562fde\" data-element_type=\"column\">\n\t\t\t<div class=\"elementor-widget-wrap\">\n\t\t\t\t\t\t\t<\/div>\n\t\t<\/div>\n\t\t\t\t\t<\/div>\n\t\t<\/section>\n\t\t\t\t<section class=\"elementor-section elementor-top-section elementor-element elementor-element-4b995ee elementor-section-boxed elementor-section-height-default elementor-section-height-default\" data-id=\"4b995ee\" data-element_type=\"section\">\n\t\t\t\t\t\t<div class=\"elementor-container elementor-column-gap-default\">\n\t\t\t\t\t<div class=\"elementor-column elementor-col-33 elementor-top-column elementor-element elementor-element-d61c8a2\" data-id=\"d61c8a2\" data-element_type=\"column\">\n\t\t\t<div class=\"elementor-widget-wrap\">\n\t\t\t\t\t\t\t<\/div>\n\t\t<\/div>\n\t\t\t\t<div class=\"elementor-column elementor-col-33 elementor-top-column elementor-element elementor-element-ecdb8ce\" data-id=\"ecdb8ce\" data-element_type=\"column\">\n\t\t\t<div class=\"elementor-widget-wrap elementor-element-populated\">\n\t\t\t\t\t\t<div class=\"elementor-element elementor-element-989fcd4 elementor-widget elementor-widget-heading\" data-id=\"989fcd4\" data-element_type=\"widget\" data-widget_type=\"heading.default\">\n\t\t\t\t<div class=\"elementor-widget-container\">\n\t\t\t\t\t<h5 class=\"elementor-heading-title elementor-size-default\">Liens vers des sites tiers\n<\/h5>\t\t\t\t<\/div>\n\t\t\t\t<\/div>\n\t\t\t\t<div class=\"elementor-element elementor-element-37792a8 elementor-widget elementor-widget-text-editor\" data-id=\"37792a8\" data-element_type=\"widget\" data-widget_type=\"text-editor.default\">\n\t\t\t\t<div class=\"elementor-widget-container\">\n\t\t\t\t\t\t\t\t\t<p>Pour votre commodit\u00e9, belmon.ca fournit des liens vers les sites de tiers ou des sections de leurs sites. Cependant, Belmon Construction n\u2019a aucun contr\u00f4le sur le contenu ou le fonctionnement de ces sites, ni ne contr\u00f4le la confidentialit\u00e9 ou des pratiques de confidentialit\u00e9 des exploitants de sites. Par cons\u00e9quent, toutes les informations personnelles que vous transmettez par l\u2019interm\u00e9diaire de ces sites est r\u00e9gie par les politiques des sites en question de la vie priv\u00e9e. Il est donc de votre responsabilit\u00e9 de vous renseigner sur leurs politiques afin de prot\u00e9ger les donn\u00e9es qui vous concernent.<\/p>\t\t\t\t\t\t\t\t<\/div>\n\t\t\t\t<\/div>\n\t\t\t\t\t<\/div>\n\t\t<\/div>\n\t\t\t\t<div class=\"elementor-column elementor-col-33 elementor-top-column elementor-element elementor-element-5180891\" data-id=\"5180891\" data-element_type=\"column\">\n\t\t\t<div class=\"elementor-widget-wrap\">\n\t\t\t\t\t\t\t<\/div>\n\t\t<\/div>\n\t\t\t\t\t<\/div>\n\t\t<\/section>\n\t\t\t\t<section class=\"elementor-section elementor-top-section elementor-element elementor-element-d38d58c elementor-section-height-min-height elementor-section-items-top elementor-section-boxed elementor-section-height-default\" data-id=\"d38d58c\" data-element_type=\"section\" data-settings=\"{&quot;background_background&quot;:&quot;classic&quot;}\">\n\t\t\t\t\t\t<div class=\"elementor-container elementor-column-gap-default\">\n\t\t\t\t\t<div class=\"elementor-column elementor-col-33 elementor-top-column elementor-element elementor-element-4895c2f\" data-id=\"4895c2f\" data-element_type=\"column\">\n\t\t\t<div class=\"elementor-widget-wrap\">\n\t\t\t\t\t\t\t<\/div>\n\t\t<\/div>\n\t\t\t\t<div class=\"elementor-column elementor-col-33 elementor-top-column elementor-element elementor-element-9914ce0\" data-id=\"9914ce0\" data-element_type=\"column\">\n\t\t\t<div class=\"elementor-widget-wrap elementor-element-populated\">\n\t\t\t\t\t\t<div class=\"elementor-element elementor-element-4a696b3 elementor-widget elementor-widget-heading\" data-id=\"4a696b3\" data-element_type=\"widget\" data-widget_type=\"heading.default\">\n\t\t\t\t<div class=\"elementor-widget-container\">\n\t\t\t\t\t<h5 class=\"elementor-heading-title elementor-size-default\">Politique de courriel\n<\/h5>\t\t\t\t<\/div>\n\t\t\t\t<\/div>\n\t\t\t\t<div class=\"elementor-element elementor-element-983f109 elementor-widget elementor-widget-text-editor\" data-id=\"983f109\" data-element_type=\"widget\" data-widget_type=\"text-editor.default\">\n\t\t\t\t<div class=\"elementor-widget-container\">\n\t\t\t\t\t\t\t\t\t<p>Belmon Construction ne fait aucune sollicitation pour obtenir des informations personnelles et confidentielles par courriel ou autrement.<\/p><p><br \/>Groupe Belmon Construction takes to heart\u00a0your privacy and the protection of your personal information. If you have any questions, concerns or complaints regarding the processing of your personal information or our privacy policies, do not hesitate to contact our personal information protection officer Ms. Lucie Potvin at 450.906.4494 ext. 109 or by email at\u00a0<a href=\"mailto:vtremblay@belmon.ca\">vtremblay@belmon.ca<\/a>. Any request for information can also be sent by mail to the following address: 1350, rue Volta, Local 102, Boucherville, QC J4B 6G6.\u00a0.<\/p>\t\t\t\t\t\t\t\t<\/div>\n\t\t\t\t<\/div>\n\t\t\t\t<div class=\"elementor-element elementor-element-d16c49e elementor-widget elementor-widget-text-editor\" data-id=\"d16c49e\" data-element_type=\"widget\" data-widget_type=\"text-editor.default\">\n\t\t\t\t<div class=\"elementor-widget-container\">\n\t\t\t\t\t\t\t\t\t<h5><strong>Contact resource:<br \/><\/strong><\/h5><p><strong>Justine Fauteux <\/strong><strong>\u2502<\/strong>Human Resources Manager &amp; Executive Assistant<\/p><p><u><a href=\"mailto:jfauteux@belmon.ca\">jfauteux@belmon.ca<\/a><\/u><\/p><p>T : 450.906.4494 ext. 109<\/p>\t\t\t\t\t\t\t\t<\/div>\n\t\t\t\t<\/div>\n\t\t\t\t\t<\/div>\n\t\t<\/div>\n\t\t\t\t<div class=\"elementor-column elementor-col-33 elementor-top-column elementor-element elementor-element-96b5088\" data-id=\"96b5088\" data-element_type=\"column\">\n\t\t\t<div class=\"elementor-widget-wrap\">\n\t\t\t\t\t\t\t<\/div>\n\t\t<\/div>\n\t\t\t\t\t<\/div>\n\t\t<\/section>\n\t\t\t\t<\/div>\n\t\t","protected":false},"excerpt":{"rendered":"<p>Politique de confidentialit\u00e9 Privacy Policy Confidentiality Belmon Construction takes privacy issues very seriously and takes the necessary steps to ensure the confidentiality of information that concerns you personally. By \u201cpersonal information\u201d we mean any information about you that you voluntarily provide to us and that is used to identify you. Protection of your information Personal [&hellip;]<\/p>\n","protected":false},"author":1,"featured_media":0,"parent":0,"menu_order":0,"comment_status":"closed","ping_status":"closed","template":"","meta":{"inline_featured_image":false,"footnotes":""},"class_list":["post-3883","page","type-page","status-publish","hentry"],"yoast_head":"<!-- This site is optimized with the Yoast SEO plugin v25.3 - https:\/\/yoast.com\/wordpress\/plugins\/seo\/ -->\n<title>Privacy policy - Belmon<\/title>\n<meta name=\"robots\" content=\"index, follow, max-snippet:-1, max-image-preview:large, max-video-preview:-1\" \/>\n<link rel=\"canonical\" href=\"https:\/\/belmon.ca\/en\/privacy-policy\/\" \/>\n<meta property=\"og:locale\" content=\"en_US\" \/>\n<meta property=\"og:type\" content=\"article\" \/>\n<meta property=\"og:title\" content=\"Privacy policy - Belmon\" \/>\n<meta property=\"og:description\" content=\"Politique de confidentialit\u00e9 Privacy Policy Confidentiality Belmon Construction takes privacy issues very seriously and takes the necessary steps to ensure the confidentiality of information that concerns you personally. By \u201cpersonal information\u201d we mean any information about you that you voluntarily provide to us and that is used to identify you. Protection of your information Personal [&hellip;]\" \/>\n<meta property=\"og:url\" content=\"https:\/\/belmon.ca\/en\/privacy-policy\/\" \/>\n<meta property=\"og:site_name\" content=\"Belmon\" \/>\n<meta property=\"article:modified_time\" content=\"2023-09-21T20:43:11+00:00\" \/>\n<meta name=\"twitter:card\" content=\"summary_large_image\" \/>\n<meta name=\"twitter:label1\" content=\"Est. reading time\" \/>\n\t<meta name=\"twitter:data1\" content=\"3 minutes\" \/>\n<script type=\"application\/ld+json\" class=\"yoast-schema-graph\">{\"@context\":\"https:\/\/schema.org\",\"@graph\":[{\"@type\":\"WebPage\",\"@id\":\"https:\/\/belmon.ca\/en\/privacy-policy\/\",\"url\":\"https:\/\/belmon.ca\/en\/privacy-policy\/\",\"name\":\"Privacy policy - Belmon\",\"isPartOf\":{\"@id\":\"https:\/\/belmon.ca\/#website\"},\"datePublished\":\"2021-11-14T15:38:56+00:00\",\"dateModified\":\"2023-09-21T20:43:11+00:00\",\"breadcrumb\":{\"@id\":\"https:\/\/belmon.ca\/en\/privacy-policy\/#breadcrumb\"},\"inLanguage\":\"en-US\",\"potentialAction\":[{\"@type\":\"ReadAction\",\"target\":[\"https:\/\/belmon.ca\/en\/privacy-policy\/\"]}]},{\"@type\":\"BreadcrumbList\",\"@id\":\"https:\/\/belmon.ca\/en\/privacy-policy\/#breadcrumb\",\"itemListElement\":[{\"@type\":\"ListItem\",\"position\":1,\"name\":\"Home\",\"item\":\"https:\/\/belmon.ca\/en\/\"},{\"@type\":\"ListItem\",\"position\":2,\"name\":\"Privacy policy\"}]},{\"@type\":\"WebSite\",\"@id\":\"https:\/\/belmon.ca\/#website\",\"url\":\"https:\/\/belmon.ca\/\",\"name\":\"Belmon\",\"description\":\"Belmon\",\"publisher\":{\"@id\":\"https:\/\/belmon.ca\/#organization\"},\"potentialAction\":[{\"@type\":\"SearchAction\",\"target\":{\"@type\":\"EntryPoint\",\"urlTemplate\":\"https:\/\/belmon.ca\/?s={search_term_string}\"},\"query-input\":{\"@type\":\"PropertyValueSpecification\",\"valueRequired\":true,\"valueName\":\"search_term_string\"}}],\"inLanguage\":\"en-US\"},{\"@type\":\"Organization\",\"@id\":\"https:\/\/belmon.ca\/#organization\",\"name\":\"Belmon\",\"url\":\"https:\/\/belmon.ca\/\",\"logo\":{\"@type\":\"ImageObject\",\"inLanguage\":\"en-US\",\"@id\":\"https:\/\/belmon.ca\/#\/schema\/logo\/image\/\",\"url\":\"https:\/\/belmon.ca\/wp-content\/uploads\/2021\/11\/logo.svg\",\"contentUrl\":\"https:\/\/belmon.ca\/wp-content\/uploads\/2021\/11\/logo.svg\",\"width\":220,\"height\":60,\"caption\":\"Belmon\"},\"image\":{\"@id\":\"https:\/\/belmon.ca\/#\/schema\/logo\/image\/\"}}]}<\/script>\n<!-- \/ Yoast SEO plugin. -->","yoast_head_json":{"title":"Privacy policy - Belmon","robots":{"index":"index","follow":"follow","max-snippet":"max-snippet:-1","max-image-preview":"max-image-preview:large","max-video-preview":"max-video-preview:-1"},"canonical":"https:\/\/belmon.ca\/en\/privacy-policy\/","og_locale":"en_US","og_type":"article","og_title":"Privacy policy - Belmon","og_description":"Politique de confidentialit\u00e9 Privacy Policy Confidentiality Belmon Construction takes privacy issues very seriously and takes the necessary steps to ensure the confidentiality of information that concerns you personally. By \u201cpersonal information\u201d we mean any information about you that you voluntarily provide to us and that is used to identify you. Protection of your information Personal [&hellip;]","og_url":"https:\/\/belmon.ca\/en\/privacy-policy\/","og_site_name":"Belmon","article_modified_time":"2023-09-21T20:43:11+00:00","twitter_card":"summary_large_image","twitter_misc":{"Est. reading time":"3 minutes"},"schema":{"@context":"https:\/\/schema.org","@graph":[{"@type":"WebPage","@id":"https:\/\/belmon.ca\/en\/privacy-policy\/","url":"https:\/\/belmon.ca\/en\/privacy-policy\/","name":"Privacy policy - Belmon","isPartOf":{"@id":"https:\/\/belmon.ca\/#website"},"datePublished":"2021-11-14T15:38:56+00:00","dateModified":"2023-09-21T20:43:11+00:00","breadcrumb":{"@id":"https:\/\/belmon.ca\/en\/privacy-policy\/#breadcrumb"},"inLanguage":"en-US","potentialAction":[{"@type":"ReadAction","target":["https:\/\/belmon.ca\/en\/privacy-policy\/"]}]},{"@type":"BreadcrumbList","@id":"https:\/\/belmon.ca\/en\/privacy-policy\/#breadcrumb","itemListElement":[{"@type":"ListItem","position":1,"name":"Home","item":"https:\/\/belmon.ca\/en\/"},{"@type":"ListItem","position":2,"name":"Privacy policy"}]},{"@type":"WebSite","@id":"https:\/\/belmon.ca\/#website","url":"https:\/\/belmon.ca\/","name":"Belmon","description":"Belmon","publisher":{"@id":"https:\/\/belmon.ca\/#organization"},"potentialAction":[{"@type":"SearchAction","target":{"@type":"EntryPoint","urlTemplate":"https:\/\/belmon.ca\/?s={search_term_string}"},"query-input":{"@type":"PropertyValueSpecification","valueRequired":true,"valueName":"search_term_string"}}],"inLanguage":"en-US"},{"@type":"Organization","@id":"https:\/\/belmon.ca\/#organization","name":"Belmon","url":"https:\/\/belmon.ca\/","logo":{"@type":"ImageObject","inLanguage":"en-US","@id":"https:\/\/belmon.ca\/#\/schema\/logo\/image\/","url":"https:\/\/belmon.ca\/wp-content\/uploads\/2021\/11\/logo.svg","contentUrl":"https:\/\/belmon.ca\/wp-content\/uploads\/2021\/11\/logo.svg","width":220,"height":60,"caption":"Belmon"},"image":{"@id":"https:\/\/belmon.ca\/#\/schema\/logo\/image\/"}}]}},"_links":{"self":[{"href":"https:\/\/belmon.ca\/en\/wp-json\/wp\/v2\/pages\/3883","targetHints":{"allow":["GET"]}}],"collection":[{"href":"https:\/\/belmon.ca\/en\/wp-json\/wp\/v2\/pages"}],"about":[{"href":"https:\/\/belmon.ca\/en\/wp-json\/wp\/v2\/types\/page"}],"author":[{"embeddable":true,"href":"https:\/\/belmon.ca\/en\/wp-json\/wp\/v2\/users\/1"}],"replies":[{"embeddable":true,"href":"https:\/\/belmon.ca\/en\/wp-json\/wp\/v2\/comments?post=3883"}],"version-history":[{"count":13,"href":"https:\/\/belmon.ca\/en\/wp-json\/wp\/v2\/pages\/3883\/revisions"}],"predecessor-version":[{"id":4569,"href":"https:\/\/belmon.ca\/en\/wp-json\/wp\/v2\/pages\/3883\/revisions\/4569"}],"wp:attachment":[{"href":"https:\/\/belmon.ca\/en\/wp-json\/wp\/v2\/media?parent=3883"}],"curies":[{"name":"wp","href":"https:\/\/api.w.org\/{rel}","templated":true}]}}